{"id":9475,"date":"2022-06-08T18:21:40","date_gmt":"2022-06-08T18:21:40","guid":{"rendered":"https:\/\/cnmanzanolegal.com\/?page_id=9475"},"modified":"2022-06-24T04:45:49","modified_gmt":"2022-06-24T04:45:49","slug":"domaines-de-pratique","status":"publish","type":"page","link":"https:\/\/cnmanzanolegal.com\/fr\/domaines-de-pratique\/","title":{"rendered":"Domaines de Pratique:"},"content":{"rendered":"\t\t<div data-elementor-type=\"wp-page\" data-elementor-id=\"9475\" class=\"elementor elementor-9475\">\n\t\t\t\t\t\t<section class=\"elementor-section elementor-top-section elementor-element elementor-element-60100ca elementor-section-boxed elementor-section-height-default elementor-section-height-default\" data-id=\"60100ca\" data-element_type=\"section\">\n\t\t\t\t\t\t<div class=\"elementor-container elementor-column-gap-default\">\n\t\t\t\t\t<div class=\"elementor-column elementor-col-100 elementor-top-column elementor-element elementor-element-7e17dd6\" data-id=\"7e17dd6\" data-element_type=\"column\">\n\t\t\t<div class=\"elementor-widget-wrap elementor-element-populated\">\n\t\t\t\t\t\t<div class=\"elementor-element elementor-element-c55fc91 elementor-widget elementor-widget-spacer\" data-id=\"c55fc91\" data-element_type=\"widget\" data-widget_type=\"spacer.default\">\n\t\t\t\t<div class=\"elementor-widget-container\">\n\t\t\t\t\t<div class=\"elementor-spacer\">\n\t\t\t<div class=\"elementor-spacer-inner\"><\/div>\n\t\t<\/div>\n\t\t\t\t<\/div>\n\t\t\t\t<\/div>\n\t\t\t\t\t<\/div>\n\t\t<\/div>\n\t\t\t\t\t<\/div>\n\t\t<\/section>\n\t\t\t\t<section class=\"elementor-section elementor-top-section elementor-element elementor-element-889536b elementor-section-full_width elementor-section-height-default elementor-section-height-default\" data-id=\"889536b\" data-element_type=\"section\" data-settings=\"{&quot;background_background&quot;:&quot;classic&quot;}\">\n\t\t\t\t\t\t\t<div class=\"elementor-background-overlay\"><\/div>\n\t\t\t\t\t\t\t<div class=\"elementor-container elementor-column-gap-no\">\n\t\t\t\t\t<div class=\"elementor-column elementor-col-100 elementor-top-column elementor-element elementor-element-06fc18e\" data-id=\"06fc18e\" data-element_type=\"column\">\n\t\t\t<div class=\"elementor-widget-wrap elementor-element-populated\">\n\t\t\t\t\t\t<section class=\"elementor-section elementor-inner-section elementor-element elementor-element-2e5ef74 elementor-section-boxed elementor-section-height-default elementor-section-height-default\" data-id=\"2e5ef74\" data-element_type=\"section\">\n\t\t\t\t\t\t<div class=\"elementor-container elementor-column-gap-default\">\n\t\t\t\t\t<div class=\"elementor-column elementor-col-100 elementor-inner-column elementor-element elementor-element-b655a1b\" data-id=\"b655a1b\" data-element_type=\"column\">\n\t\t\t<div class=\"elementor-widget-wrap elementor-element-populated\">\n\t\t\t\t\t\t<div class=\"elementor-element elementor-element-eadd672 elementor-widget elementor-widget-rt-service-box\" data-id=\"eadd672\" data-element_type=\"widget\" data-widget_type=\"rt-service-box.default\">\n\t\t\t\t<div class=\"elementor-widget-container\">\n\t\t\t\n<div class=\"row\">\n\t\t<div class=\"col-xl-4 col-md-6 col-12 wow animated fadeInUp\" data-wow-delay=\"0.2s\">\n\t\t<div class=\"service-box-layout1\">\n\t\t\t\t\t\t<div class=\"item-figure\">\n\t\t\t\t<img fetchpriority=\"high\" decoding=\"async\" width=\"560\" height=\"530\" src=\"https:\/\/cnmanzanolegal.com\/fr\/wp-content\/uploads\/2020\/12\/service1.jpg\" class=\"attachment-full size-full\" alt=\"\" \/>\t\t\t<\/div>\n\t\t\t\t\t\t<div class=\"item-content\">\n\t\t\t\t\t\t\t\t<div class=\"item-icon\">\n\t\t\t\t\t<i class=\" flaticon-law-1\"><\/i>\n\t\t\t\t<\/div>\n\t\t\t\t\t\t\t\t<h3 class=\"item-title\"><a href=\"http:\/\/cnmanzanolegal.com\/fr\/civil\/\">Civil et Proc\u00e9dure Civile<\/a><\/h3>\n\t\t\t\t\t\t\t\t<p>- R\u00e9daction de contrats en g\u00e9n\u00e9ral.\n\n- Transferts de v\u00e9hicules et de navires.- Proc\u00e9duresd&#039;expropriationforc\u00e9e (saisies).\n\n- R\u00e9clamations (recouvrement de valeurs, r\u00e9paration de dommages, renvois, expulsions, r\u00e9siliation et\/ouex\u00e9cution de contrats, etc.)\n<\/p>\n\t\t\t\t\t\t\t<\/div>\n\t\t<\/div>\n\t<\/div>\n\t\t<div class=\"col-xl-4 col-md-6 col-12 wow animated fadeInUp\" data-wow-delay=\"0.2s\">\n\t\t<div class=\"service-box-layout1\">\n\t\t\t\t\t\t<div class=\"item-figure\">\n\t\t\t\t<img decoding=\"async\" width=\"560\" height=\"530\" src=\"https:\/\/cnmanzanolegal.com\/fr\/wp-content\/uploads\/2020\/12\/service2.jpg\" class=\"attachment-full size-full\" alt=\"\" \/>\t\t\t<\/div>\n\t\t\t\t\t\t<div class=\"item-content\">\n\t\t\t\t\t\t\t\t<div class=\"item-icon\">\n\t\t\t\t\t<i class=\"fas fa-house-user\"><\/i>\n\t\t\t\t<\/div>\n\t\t\t\t\t\t\t\t<h3 class=\"item-title\"><a href=\" http:\/\/cnmanzanolegal.com\/fr\/immobilier\" target=\"_blank\" rel=\"nofollow\">Immobilier \/ Registre<\/a><\/h3>\n\t\t\t\t\t\t\t\t<p>- Litiges sur les droits enregistr\u00e9s.\n\n- Demander et obtenirtous types de certifications (statutjuridique, droits r\u00e9els et accessoires, droits de propri\u00e9t\u00e9envigueur, r\u00e9serve de priorit\u00e9, etc.)\n\n- Transferts de biens immobiliers, Constitution du r\u00e9gime de copropri\u00e9t\u00e9, Obtention de duplicata en cas de perte, Processus de correction d&#039;erreur mat\u00e9rielle dans les certificats de titres, D\u00e9marcations, Re-fondations, Urbanisations de parcelles, etc.\n\n-Inscription d&#039;hypoth\u00e8ques, d&#039;usufruit, de servitudes, de privil\u00e8ge de vendeur impay\u00e9, de cession de cr\u00e9dit, etc., ainsi que la lev\u00e9e et\/ou la radiation de tous types d&#039;annotations pr\u00e9ventives.\n<\/p>\n\t\t\t\t\t\t\t<\/div>\n\t\t<\/div>\n\t<\/div>\n\t\t<div class=\"col-xl-4 col-md-6 col-12 wow animated fadeInUp\" data-wow-delay=\"0.2s\">\n\t\t<div class=\"service-box-layout1\">\n\t\t\t\t\t\t<div class=\"item-figure\">\n\t\t\t\t<img decoding=\"async\" width=\"560\" height=\"530\" src=\"https:\/\/cnmanzanolegal.com\/fr\/wp-content\/uploads\/2020\/12\/service3.jpg\" class=\"attachment-full size-full\" alt=\"\" \/>\t\t\t<\/div>\n\t\t\t\t\t\t<div class=\"item-content\">\n\t\t\t\t\t\t\t\t<div class=\"item-icon\">\n\t\t\t\t\t<i class=\"fas fa-business-time\"><\/i>\n\t\t\t\t<\/div>\n\t\t\t\t\t\t\t\t<h3 class=\"item-title\"><a href=\"http:\/\/cnmanzanolegal.com\/fr\/commercial\/\">Entreprise\/Commercial<\/a><\/h3>\n\t\t\t\t\t\t\t\t<p>- Constitution, modification, mise \u00e0 jour, dissolution et fin des op\u00e9rations des soci\u00e9t\u00e9s\/fondations.\n\n-Incorporation de soci\u00e9t\u00e9s\u00e9trang\u00e8res.\n\n- Traitement de tous les types de transactions commerciales.\n\n- Les revendications au sensg\u00e9n\u00e9ral.\n<\/p>\n\t\t\t\t\t\t\t<\/div>\n\t\t<\/div>\n\t<\/div>\n\t\t<div class=\"col-xl-4 col-md-6 col-12 wow animated fadeInUp\" data-wow-delay=\"0.4s\">\n\t\t<div class=\"service-box-layout1\">\n\t\t\t\t\t\t<div class=\"item-figure\">\n\t\t\t\t<img loading=\"lazy\" decoding=\"async\" width=\"560\" height=\"530\" src=\"https:\/\/cnmanzanolegal.com\/fr\/wp-content\/uploads\/2020\/12\/service4.jpg\" class=\"attachment-full size-full\" alt=\"\" \/>\t\t\t<\/div>\n\t\t\t\t\t\t<div class=\"item-content\">\n\t\t\t\t\t\t\t\t<div class=\"item-icon\">\n\t\t\t\t\t<i class=\" flaticon-group\"><\/i>\n\t\t\t\t<\/div>\n\t\t\t\t\t\t\t\t<h3 class=\"item-title\"><a href=\"http:\/\/cnmanzanolegal.com\/fr\/famille\">Famille \/ NNA (mineurs)<\/a><\/h3>\n\t\t\t\t\t\t\t\t<p>- D\u00e9termination des h\u00e9ritiers.\n\n- Partition amiable oujudiciaire.\n\n- Les demandes de reconnaissance ou de d\u00e9ni de paternit\u00e9.\n\n-Divorces (Consentement mutuel\/Incompatibilit\u00e9 des caract\u00e8res).\n\n-Demandes de formation de conseils de famille.\n<\/p>\n\t\t\t\t\t\t\t<\/div>\n\t\t<\/div>\n\t<\/div>\n\t\t<div class=\"col-xl-4 col-md-6 col-12 wow animated fadeInUp\" data-wow-delay=\"0.2s\">\n\t\t<div class=\"service-box-layout1\">\n\t\t\t\t\t\t<div class=\"item-figure\">\n\t\t\t\t<img fetchpriority=\"high\" decoding=\"async\" width=\"560\" height=\"530\" src=\"https:\/\/cnmanzanolegal.com\/fr\/wp-content\/uploads\/2020\/12\/service1.jpg\" class=\"attachment-full size-full\" alt=\"\" \/>\t\t\t<\/div>\n\t\t\t\t\t\t<div class=\"item-content\">\n\t\t\t\t\t\t\t\t<div class=\"item-icon\">\n\t\t\t\t\t<i class=\" flaticon-law-1\"><\/i>\n\t\t\t\t<\/div>\n\t\t\t\t\t\t\t\t<h3 class=\"item-title\"><a href=\"http:\/\/cnmanzanolegal.com\/fr\/fiscales\/\">Formalit\u00e9s Fiscales<\/a><\/h3>\n\t\t\t\t\t\t\t\t<p>- Obtention de certificats d&#039;exemption du paiement de l&#039;imp\u00f4t sur les mutations immobili\u00e8res et de l&#039;imp\u00f4t sur le patrimoine, aux b\u00e9n\u00e9ficiaires en vertu de la loi 158-01 (Confotur).\n\n- Incorporation des \u00e9trangers.\n\n- Demande et gestion de tous types de certifications (IPI, Respect des obligations fiscales, RNC).\n<\/p>\n\t\t\t\t\t\t\t<\/div>\n\t\t<\/div>\n\t<\/div>\n\t\t<div class=\"col-xl-4 col-md-6 col-12 wow animated fadeInUp\" data-wow-delay=\"0.4s\">\n\t\t<div class=\"service-box-layout1\">\n\t\t\t\t\t\t<div class=\"item-figure\">\n\t\t\t\t<img loading=\"lazy\" decoding=\"async\" width=\"560\" height=\"530\" src=\"https:\/\/cnmanzanolegal.com\/fr\/wp-content\/uploads\/2020\/12\/service5.jpg\" class=\"attachment-full size-full\" alt=\"\" \/>\t\t\t<\/div>\n\t\t\t\t\t\t<div class=\"item-content\">\n\t\t\t\t\t\t\t\t<div class=\"item-icon\">\n\t\t\t\t\t<i class=\"fas fa-plane\"><\/i>\n\t\t\t\t<\/div>\n\t\t\t\t\t\t\t\t<h3 class=\"item-title\"><a href=\"http:\/\/cnmanzanolegal.com\/fr\/migrateur\/\">Migrateur<\/a><\/h3>\n\t\t\t\t\t\t\t\t<p>- Remplissage du formulaire DS 160 et gestion des rendez-vous consulaires pour les visas am\u00e9ricains.\n\n- Visas de R\u00e9sidence et de R\u00e9sidence Dominicaine pour les \u00e9trangers(dans l&#039;une quelconque de ses modalit\u00e9s).\n<\/p>\n\t\t\t\t\t\t\t<\/div>\n\t\t<\/div>\n\t<\/div>\n\t<\/div>\n\n\t\t<\/div>\n\t\t\t\t<\/div>\n\t\t\t\t\t<\/div>\n\t\t<\/div>\n\t\t\t\t\t<\/div>\n\t\t<\/section>\n\t\t\t\t\t<\/div>\n\t\t<\/div>\n\t\t\t\t\t<\/div>\n\t\t<\/section>\n\t\t\t\t<\/div>\n\t\t","protected":false},"excerpt":{"rendered":"<p>Civil et Proc\u00e9dure Civile &#8211; R\u00e9daction de contrats en g\u00e9n\u00e9ral. &#8211; Transferts de v\u00e9hicules et de navires.- Proc\u00e9duresd&#039;expropriationforc\u00e9e (saisies). &#8211; R\u00e9clamations (recouvrement de valeurs, r\u00e9paration de dommages, renvois, expulsions, r\u00e9siliation et\/ouex\u00e9cution de contrats, etc.) Immobilier \/ Registre &#8211; Litiges sur les droits enregistr\u00e9s. &#8211; Demander et obtenirtous types de certifications (statutjuridique, droits r\u00e9els et accessoires,&#8230;<\/p>\n","protected":false},"author":1,"featured_media":0,"parent":0,"menu_order":0,"comment_status":"closed","ping_status":"closed","template":"","meta":{"om_disable_all_campaigns":false,"_monsterinsights_skip_tracking":false,"_monsterinsights_sitenote_active":false,"_monsterinsights_sitenote_note":"","_monsterinsights_sitenote_category":0,"footnotes":""},"class_list":["post-9475","page","type-page","status-publish","hentry"],"aioseo_notices":[],"rttpg_featured_image_url":null,"rttpg_author":{"display_name":"ecotes","author_link":"https:\/\/cnmanzanolegal.com\/fr\/author\/ecotes\/"},"rttpg_comment":0,"rttpg_category":null,"rttpg_excerpt":"Civil et Proc\u00e9dure Civile &#8211; R\u00e9daction de contrats en g\u00e9n\u00e9ral. &#8211; Transferts de v\u00e9hicules et de navires.- Proc\u00e9duresd&#039;expropriationforc\u00e9e (saisies). &#8211; R\u00e9clamations (recouvrement de valeurs, r\u00e9paration de dommages, renvois, expulsions, r\u00e9siliation et\/ouex\u00e9cution de contrats, etc.) Immobilier \/ Registre &#8211; Litiges sur les droits enregistr\u00e9s. &#8211; Demander et obtenirtous types de certifications (statutjuridique, droits r\u00e9els et accessoires,...","_links":{"self":[{"href":"https:\/\/cnmanzanolegal.com\/fr\/wp-json\/wp\/v2\/pages\/9475"}],"collection":[{"href":"https:\/\/cnmanzanolegal.com\/fr\/wp-json\/wp\/v2\/pages"}],"about":[{"href":"https:\/\/cnmanzanolegal.com\/fr\/wp-json\/wp\/v2\/types\/page"}],"author":[{"embeddable":true,"href":"https:\/\/cnmanzanolegal.com\/fr\/wp-json\/wp\/v2\/users\/1"}],"replies":[{"embeddable":true,"href":"https:\/\/cnmanzanolegal.com\/fr\/wp-json\/wp\/v2\/comments?post=9475"}],"version-history":[{"count":21,"href":"https:\/\/cnmanzanolegal.com\/fr\/wp-json\/wp\/v2\/pages\/9475\/revisions"}],"predecessor-version":[{"id":9652,"href":"https:\/\/cnmanzanolegal.com\/fr\/wp-json\/wp\/v2\/pages\/9475\/revisions\/9652"}],"wp:attachment":[{"href":"https:\/\/cnmanzanolegal.com\/fr\/wp-json\/wp\/v2\/media?parent=9475"}],"curies":[{"name":"wp","href":"https:\/\/api.w.org\/{rel}","templated":true}]}}