{"id":9149,"date":"2022-05-28T07:46:50","date_gmt":"2022-05-28T07:46:50","guid":{"rendered":"http:\/\/cnmanzanolegal.com\/?page_id=9149"},"modified":"2022-06-23T06:22:49","modified_gmt":"2022-06-23T06:22:49","slug":"societes-apparentees","status":"publish","type":"page","link":"https:\/\/cnmanzanolegal.com\/fr\/societes-apparentees\/","title":{"rendered":"Soci\u00e9t\u00e9s Apparent\u00e9es"},"content":{"rendered":"\t\t<div data-elementor-type=\"wp-page\" data-elementor-id=\"9149\" class=\"elementor elementor-9149\">\n\t\t\t\t\t\t<section class=\"elementor-section elementor-top-section elementor-element elementor-element-0a6bf46 elementor-section-boxed elementor-section-height-default elementor-section-height-default\" data-id=\"0a6bf46\" data-element_type=\"section\">\n\t\t\t\t\t\t<div class=\"elementor-container elementor-column-gap-default\">\n\t\t\t\t\t<div class=\"elementor-column elementor-col-100 elementor-top-column elementor-element elementor-element-d4683d7\" data-id=\"d4683d7\" data-element_type=\"column\">\n\t\t\t<div class=\"elementor-widget-wrap elementor-element-populated\">\n\t\t\t\t\t\t<div class=\"elementor-element elementor-element-334971c elementor-widget elementor-widget-spacer\" data-id=\"334971c\" data-element_type=\"widget\" data-widget_type=\"spacer.default\">\n\t\t\t\t<div class=\"elementor-widget-container\">\n\t\t\t\t\t<div class=\"elementor-spacer\">\n\t\t\t<div class=\"elementor-spacer-inner\"><\/div>\n\t\t<\/div>\n\t\t\t\t<\/div>\n\t\t\t\t<\/div>\n\t\t\t\t<div class=\"elementor-element elementor-element-a97c5b0 elementor-position-top elementor-widget elementor-widget-image-box\" data-id=\"a97c5b0\" data-element_type=\"widget\" data-widget_type=\"image-box.default\">\n\t\t\t\t<div class=\"elementor-widget-container\">\n\t\t\t<div class=\"elementor-image-box-wrapper\"><figure class=\"elementor-image-box-img\"><img decoding=\"async\" width=\"340\" height=\"142\" src=\"https:\/\/cnmanzanolegal.com\/fr\/wp-content\/uploads\/2022\/05\/amr.png\" class=\"attachment-full size-full wp-image-8991\" alt=\"\" \/><\/figure><\/div>\t\t<\/div>\n\t\t\t\t<\/div>\n\t\t\t\t<div class=\"elementor-element elementor-element-a3d5f21 elementor-widget elementor-widget-text-editor\" data-id=\"a3d5f21\" data-element_type=\"widget\" data-widget_type=\"text-editor.default\">\n\t\t\t\t<div class=\"elementor-widget-container\">\n\t\t\t\t\t\t\t<p style=\"text-align: center;\"><strong>Verlin Manuel Almodovar<\/strong><\/p>\n<p style=\"text-align: center;\">Mobile:\u00a0829-986-8201<\/p>\n<p style=\"text-align: center;\">Bureau: 809-349-9850<\/p>\n<p style=\"text-align: center;\">C\/ Dr. Teofilo Ferry, No. 144, Plaza Do\u00f1a Anita<\/p>\n<p style=\"text-align: center;\">Local B-11, La Romana.<\/p>\n<p style=\"text-align: center;\">Courriel:\u00a0<a href=\"mailto:am.realtor@hotmail.com\">am.realtor@hotmail.com<\/a><\/p>\t\t\t\t\t\t<\/div>\n\t\t\t\t<\/div>\n\t\t\t\t<div class=\"elementor-element elementor-element-4614f3e elementor-widget-divider--view-line elementor-widget elementor-widget-divider\" data-id=\"4614f3e\" data-element_type=\"widget\" data-widget_type=\"divider.default\">\n\t\t\t\t<div class=\"elementor-widget-container\">\n\t\t\t\t\t<div class=\"elementor-divider\">\n\t\t\t<span class=\"elementor-divider-separator\">\n\t\t\t\t\t\t<\/span>\n\t\t<\/div>\n\t\t\t\t<\/div>\n\t\t\t\t<\/div>\n\t\t\t\t\t<\/div>\n\t\t<\/div>\n\t\t\t\t\t<\/div>\n\t\t<\/section>\n\t\t\t\t<section class=\"elementor-section elementor-top-section elementor-element elementor-element-b32b681 elementor-section-boxed elementor-section-height-default elementor-section-height-default\" data-id=\"b32b681\" data-element_type=\"section\">\n\t\t\t\t\t\t<div class=\"elementor-container elementor-column-gap-default\">\n\t\t\t\t\t<div class=\"elementor-column elementor-col-100 elementor-top-column elementor-element elementor-element-44930a0\" data-id=\"44930a0\" data-element_type=\"column\">\n\t\t\t<div class=\"elementor-widget-wrap elementor-element-populated\">\n\t\t\t\t\t\t<div class=\"elementor-element elementor-element-062e3de elementor-position-top elementor-widget elementor-widget-image-box\" data-id=\"062e3de\" data-element_type=\"widget\" data-widget_type=\"image-box.default\">\n\t\t\t\t<div class=\"elementor-widget-container\">\n\t\t\t<div class=\"elementor-image-box-wrapper\"><figure class=\"elementor-image-box-img\"><img fetchpriority=\"high\" decoding=\"async\" width=\"417\" height=\"142\" src=\"https:\/\/cnmanzanolegal.com\/fr\/wp-content\/uploads\/2022\/05\/cra.png\" class=\"attachment-full size-full wp-image-8992\" alt=\"\" \/><\/figure><\/div>\t\t<\/div>\n\t\t\t\t<\/div>\n\t\t\t\t<div class=\"elementor-element elementor-element-2feccad elementor-widget elementor-widget-text-editor\" data-id=\"2feccad\" data-element_type=\"widget\" data-widget_type=\"text-editor.default\">\n\t\t\t\t<div class=\"elementor-widget-container\">\n\t\t\t\t\t\t\t<p style=\"text-align: center;\"><strong>Ing. Edward\u00a0Rijo<\/strong><\/p>\n<p style=\"text-align: center;\">Project Manager<\/p>\n<p style=\"text-align: center;\">Mobile: <a href=\"tel:+1%20829%20228%205884\">+1 829 228 5884<\/a><\/p>\n<p style=\"text-align: center;\">Bureau: <a href=\"tel:+1%20809%20550%202513\">+1 809 550 2513<\/a><\/p>\n<p style=\"text-align: center;\">Manzana Q, No. 46, sector el Invi<\/p>\n<p style=\"text-align: center;\">Courriel: <a href=\"mailto:erijo@cra.com.do\">erijo@cra.com.do<\/a><\/p>\t\t\t\t\t\t<\/div>\n\t\t\t\t<\/div>\n\t\t\t\t<div class=\"elementor-element elementor-element-2168f61 elementor-widget-divider--view-line elementor-widget elementor-widget-divider\" data-id=\"2168f61\" data-element_type=\"widget\" data-widget_type=\"divider.default\">\n\t\t\t\t<div class=\"elementor-widget-container\">\n\t\t\t\t\t<div class=\"elementor-divider\">\n\t\t\t<span class=\"elementor-divider-separator\">\n\t\t\t\t\t\t<\/span>\n\t\t<\/div>\n\t\t\t\t<\/div>\n\t\t\t\t<\/div>\n\t\t\t\t\t<\/div>\n\t\t<\/div>\n\t\t\t\t\t<\/div>\n\t\t<\/section>\n\t\t\t\t<section class=\"elementor-section elementor-top-section elementor-element elementor-element-01107c7 elementor-section-boxed elementor-section-height-default elementor-section-height-default\" data-id=\"01107c7\" data-element_type=\"section\">\n\t\t\t\t\t\t<div class=\"elementor-container elementor-column-gap-default\">\n\t\t\t\t\t<div class=\"elementor-column elementor-col-100 elementor-top-column elementor-element elementor-element-0d4caec\" data-id=\"0d4caec\" data-element_type=\"column\">\n\t\t\t<div class=\"elementor-widget-wrap elementor-element-populated\">\n\t\t\t\t\t\t<div class=\"elementor-element elementor-element-8577371 elementor-position-top elementor-widget elementor-widget-image-box\" data-id=\"8577371\" data-element_type=\"widget\" data-widget_type=\"image-box.default\">\n\t\t\t\t<div class=\"elementor-widget-container\">\n\t\t\t<div class=\"elementor-image-box-wrapper\"><figure class=\"elementor-image-box-img\"><img decoding=\"async\" width=\"340\" height=\"158\" src=\"https:\/\/cnmanzanolegal.com\/fr\/wp-content\/uploads\/2022\/05\/CMIB.png\" class=\"attachment-full size-full wp-image-8993\" alt=\"\" \/><\/figure><\/div>\t\t<\/div>\n\t\t\t\t<\/div>\n\t\t\t\t<div class=\"elementor-element elementor-element-64f81dd elementor-widget elementor-widget-text-editor\" data-id=\"64f81dd\" data-element_type=\"widget\" data-widget_type=\"text-editor.default\">\n\t\t\t\t<div class=\"elementor-widget-container\">\n\t\t\t\t\t\t\t<p style=\"text-align: center;\"><strong>Verlin Manuel Almodovar<\/strong><\/p>\n<p style=\"text-align: center;\">Mobile:\u00a0829-986-8201<\/p>\n<p style=\"text-align: center;\">Bureau: 809-349-9850<\/p>\n<p style=\"text-align: center;\">C\/ Dr. Teofilo Ferry, No. 144, Plaza Do\u00f1a Anita<\/p>\n<p style=\"text-align: center;\">Local B-11, La Romana.<\/p>\n<p style=\"text-align: center;\">Courriel:\u00a0<a href=\"mailto:v.almodovar@canomolinainsurance.com\">v.almodovar@canomolinainsurance.com<\/a><\/p>\n<p style=\"text-align: center;\">Web: <a href=\"http:\/\/canomolinainsurance.com\">www.canomolinainsurance.com<\/a><\/p>\t\t\t\t\t\t<\/div>\n\t\t\t\t<\/div>\n\t\t\t\t<div class=\"elementor-element elementor-element-47dcbf4 elementor-widget-divider--view-line elementor-widget elementor-widget-divider\" data-id=\"47dcbf4\" data-element_type=\"widget\" data-widget_type=\"divider.default\">\n\t\t\t\t<div class=\"elementor-widget-container\">\n\t\t\t\t\t<div class=\"elementor-divider\">\n\t\t\t<span class=\"elementor-divider-separator\">\n\t\t\t\t\t\t<\/span>\n\t\t<\/div>\n\t\t\t\t<\/div>\n\t\t\t\t<\/div>\n\t\t\t\t\t<\/div>\n\t\t<\/div>\n\t\t\t\t\t<\/div>\n\t\t<\/section>\n\t\t\t\t<section class=\"elementor-section elementor-top-section elementor-element elementor-element-7887d9e elementor-section-boxed elementor-section-height-default elementor-section-height-default\" data-id=\"7887d9e\" data-element_type=\"section\">\n\t\t\t\t\t\t<div class=\"elementor-container elementor-column-gap-default\">\n\t\t\t\t\t<div class=\"elementor-column elementor-col-100 elementor-top-column elementor-element elementor-element-aaa15ca\" data-id=\"aaa15ca\" data-element_type=\"column\">\n\t\t\t<div class=\"elementor-widget-wrap elementor-element-populated\">\n\t\t\t\t\t\t<div class=\"elementor-element elementor-element-c8e2543 elementor-position-top elementor-widget elementor-widget-image-box\" data-id=\"c8e2543\" data-element_type=\"widget\" data-widget_type=\"image-box.default\">\n\t\t\t\t<div class=\"elementor-widget-container\">\n\t\t\t<div class=\"elementor-image-box-wrapper\"><figure class=\"elementor-image-box-img\"><img loading=\"lazy\" decoding=\"async\" width=\"1741\" height=\"833\" src=\"https:\/\/cnmanzanolegal.com\/fr\/wp-content\/uploads\/2022\/06\/maintainance.png\" class=\"attachment-full size-full wp-image-9380\" alt=\"\" \/><\/figure><\/div>\t\t<\/div>\n\t\t\t\t<\/div>\n\t\t\t\t<div class=\"elementor-element elementor-element-fd0f093 elementor-widget elementor-widget-text-editor\" data-id=\"fd0f093\" data-element_type=\"widget\" data-widget_type=\"text-editor.default\">\n\t\t\t\t<div class=\"elementor-widget-container\">\n\t\t\t\t\t\t\t<p style=\"text-align: center;\"><strong>Genaro Almonte<\/strong><\/p>\n<p style=\"text-align: center;\">Mobile: 809-710-5065<\/p>\n<p style=\"text-align: center;\">Bureau: 809-285-3918<\/p>\n<p style=\"text-align: center;\">Courriel: galmonte@eitidmc.com<\/p>\n<p style=\"text-align: center;\">Web: <a href=\"http:\/\/eitidmc.com\">Eitidmc.com<\/a><\/p>\t\t\t\t\t\t<\/div>\n\t\t\t\t<\/div>\n\t\t\t\t<div class=\"elementor-element elementor-element-64121ea elementor-widget-divider--view-line elementor-widget elementor-widget-divider\" data-id=\"64121ea\" data-element_type=\"widget\" data-widget_type=\"divider.default\">\n\t\t\t\t<div class=\"elementor-widget-container\">\n\t\t\t\t\t<div class=\"elementor-divider\">\n\t\t\t<span class=\"elementor-divider-separator\">\n\t\t\t\t\t\t<\/span>\n\t\t<\/div>\n\t\t\t\t<\/div>\n\t\t\t\t<\/div>\n\t\t\t\t\t<\/div>\n\t\t<\/div>\n\t\t\t\t\t<\/div>\n\t\t<\/section>\n\t\t\t\t<section class=\"elementor-section elementor-top-section elementor-element elementor-element-b68543d elementor-section-boxed elementor-section-height-default elementor-section-height-default\" data-id=\"b68543d\" data-element_type=\"section\">\n\t\t\t\t\t\t<div class=\"elementor-container elementor-column-gap-default\">\n\t\t\t\t\t<div class=\"elementor-column elementor-col-100 elementor-top-column elementor-element elementor-element-ad6f4fc\" data-id=\"ad6f4fc\" data-element_type=\"column\">\n\t\t\t<div class=\"elementor-widget-wrap\">\n\t\t\t\t\t\t\t<\/div>\n\t\t<\/div>\n\t\t\t\t\t<\/div>\n\t\t<\/section>\n\t\t\t\t<\/div>\n\t\t","protected":false},"excerpt":{"rendered":"<p>Verlin Manuel Almodovar Mobile:\u00a0829-986-8201 Bureau: 809-349-9850 C\/ Dr. Teofilo Ferry, No. 144, Plaza Do\u00f1a Anita Local B-11, La Romana. Courriel:\u00a0am.realtor@hotmail.com Ing. Edward\u00a0Rijo Project Manager Mobile: +1 829 228 5884 Bureau: +1 809 550 2513 Manzana Q, No. 46, sector el Invi Courriel: erijo@cra.com.do Verlin Manuel Almodovar Mobile:\u00a0829-986-8201 Bureau: 809-349-9850 C\/ Dr. Teofilo Ferry, No. 144,&#8230;<\/p>\n","protected":false},"author":1,"featured_media":0,"parent":0,"menu_order":0,"comment_status":"closed","ping_status":"closed","template":"","meta":{"om_disable_all_campaigns":false,"_monsterinsights_skip_tracking":false,"_monsterinsights_sitenote_active":false,"_monsterinsights_sitenote_note":"","_monsterinsights_sitenote_category":0,"footnotes":""},"class_list":["post-9149","page","type-page","status-publish","hentry"],"aioseo_notices":[],"rttpg_featured_image_url":null,"rttpg_author":{"display_name":"ecotes","author_link":"https:\/\/cnmanzanolegal.com\/fr\/author\/ecotes\/"},"rttpg_comment":0,"rttpg_category":null,"rttpg_excerpt":"Verlin Manuel Almodovar Mobile:\u00a0829-986-8201 Bureau: 809-349-9850 C\/ Dr. Teofilo Ferry, No. 144, Plaza Do\u00f1a Anita Local B-11, La Romana. Courriel:\u00a0am.realtor@hotmail.com Ing. Edward\u00a0Rijo Project Manager Mobile: +1 829 228 5884 Bureau: +1 809 550 2513 Manzana Q, No. 46, sector el Invi Courriel: erijo@cra.com.do Verlin Manuel Almodovar Mobile:\u00a0829-986-8201 Bureau: 809-349-9850 C\/ Dr. Teofilo Ferry, No. 144,...","_links":{"self":[{"href":"https:\/\/cnmanzanolegal.com\/fr\/wp-json\/wp\/v2\/pages\/9149"}],"collection":[{"href":"https:\/\/cnmanzanolegal.com\/fr\/wp-json\/wp\/v2\/pages"}],"about":[{"href":"https:\/\/cnmanzanolegal.com\/fr\/wp-json\/wp\/v2\/types\/page"}],"author":[{"embeddable":true,"href":"https:\/\/cnmanzanolegal.com\/fr\/wp-json\/wp\/v2\/users\/1"}],"replies":[{"embeddable":true,"href":"https:\/\/cnmanzanolegal.com\/fr\/wp-json\/wp\/v2\/comments?post=9149"}],"version-history":[{"count":33,"href":"https:\/\/cnmanzanolegal.com\/fr\/wp-json\/wp\/v2\/pages\/9149\/revisions"}],"predecessor-version":[{"id":9621,"href":"https:\/\/cnmanzanolegal.com\/fr\/wp-json\/wp\/v2\/pages\/9149\/revisions\/9621"}],"wp:attachment":[{"href":"https:\/\/cnmanzanolegal.com\/fr\/wp-json\/wp\/v2\/media?parent=9149"}],"curies":[{"name":"wp","href":"https:\/\/api.w.org\/{rel}","templated":true}]}}