{"id":9060,"date":"2022-05-28T06:37:14","date_gmt":"2022-05-28T06:37:14","guid":{"rendered":"http:\/\/cnmanzanolegal.com\/?page_id=9060"},"modified":"2022-06-23T05:25:11","modified_gmt":"2022-06-23T05:25:11","slug":"famille","status":"publish","type":"page","link":"https:\/\/cnmanzanolegal.com\/fr\/famille\/","title":{"rendered":"Famille \/ NNA (mineurs)"},"content":{"rendered":"\t\t<div data-elementor-type=\"wp-page\" data-elementor-id=\"9060\" class=\"elementor elementor-9060\">\n\t\t\t\t\t\t<section class=\"elementor-section elementor-top-section elementor-element elementor-element-105fa37 elementor-section-boxed elementor-section-height-default elementor-section-height-default\" data-id=\"105fa37\" data-element_type=\"section\">\n\t\t\t\t\t\t<div class=\"elementor-container elementor-column-gap-default\">\n\t\t\t\t\t<div class=\"elementor-column elementor-col-100 elementor-top-column elementor-element elementor-element-9142106\" data-id=\"9142106\" data-element_type=\"column\">\n\t\t\t<div class=\"elementor-widget-wrap elementor-element-populated\">\n\t\t\t\t\t\t<div class=\"elementor-element elementor-element-e49ccac elementor-widget elementor-widget-spacer\" data-id=\"e49ccac\" data-element_type=\"widget\" data-widget_type=\"spacer.default\">\n\t\t\t\t<div class=\"elementor-widget-container\">\n\t\t\t\t\t<div class=\"elementor-spacer\">\n\t\t\t<div class=\"elementor-spacer-inner\"><\/div>\n\t\t<\/div>\n\t\t\t\t<\/div>\n\t\t\t\t<\/div>\n\t\t\t\t<div class=\"elementor-element elementor-element-fa3f7d1 elementor-widget elementor-widget-heading\" data-id=\"fa3f7d1\" data-element_type=\"widget\" data-widget_type=\"heading.default\">\n\t\t\t\t<div class=\"elementor-widget-container\">\n\t\t\t<h2 class=\"elementor-heading-title elementor-size-default\">Famille \/ NNA (mineurs)<\/h2>\t\t<\/div>\n\t\t\t\t<\/div>\n\t\t\t\t<div class=\"elementor-element elementor-element-e88b5de elementor-widget elementor-widget-rt-icon-list\" data-id=\"e88b5de\" data-element_type=\"widget\" data-widget_type=\"rt-icon-list.default\">\n\t\t\t\t<div class=\"elementor-widget-container\">\n\t\t\t\n<div class=\"rt-icon-box\">\n\t<ul class=\"rt-icon-box practice-list-box\">\n\t\t\t\t\t\t<li>D\u00e9termination des h\u00e9ritiers.<\/li>\n\t\t\t\t\t\t<li>Partition amiable oujudiciaire.<\/li>\n\t\t\t\t\t\t<li>Les demandes de reconnaissance ou de d\u00e9ni de paternit\u00e9.<\/li>\n\t\t\t\t\t\t<li>Divorces (Consentement mutuel\/Incompatibilit\u00e9 des caract\u00e8res).<\/li>\n\t\t\t\t\t\t<li>Demandes de formation de conseils de famille.<\/li>\n\t\t\t<\/ul>\n<\/div>\n\t\t<\/div>\n\t\t\t\t<\/div>\n\t\t\t\t<div class=\"elementor-element elementor-element-680d9ef elementor-widget elementor-widget-spacer\" data-id=\"680d9ef\" data-element_type=\"widget\" data-widget_type=\"spacer.default\">\n\t\t\t\t<div class=\"elementor-widget-container\">\n\t\t\t\t\t<div class=\"elementor-spacer\">\n\t\t\t<div class=\"elementor-spacer-inner\"><\/div>\n\t\t<\/div>\n\t\t\t\t<\/div>\n\t\t\t\t<\/div>\n\t\t\t\t\t<\/div>\n\t\t<\/div>\n\t\t\t\t\t<\/div>\n\t\t<\/section>\n\t\t\t\t<\/div>\n\t\t","protected":false},"excerpt":{"rendered":"<p>Famille \/ NNA (mineurs) D\u00e9termination des h\u00e9ritiers. Partition amiable oujudiciaire. Les demandes de reconnaissance ou de d\u00e9ni de paternit\u00e9. Divorces (Consentement mutuel\/Incompatibilit\u00e9 des caract\u00e8res). Demandes de formation de conseils de famille.<\/p>\n","protected":false},"author":1,"featured_media":0,"parent":0,"menu_order":0,"comment_status":"closed","ping_status":"closed","template":"","meta":{"om_disable_all_campaigns":false,"_monsterinsights_skip_tracking":false,"_monsterinsights_sitenote_active":false,"_monsterinsights_sitenote_note":"","_monsterinsights_sitenote_category":0,"footnotes":""},"class_list":["post-9060","page","type-page","status-publish","hentry"],"aioseo_notices":[],"rttpg_featured_image_url":null,"rttpg_author":{"display_name":"ecotes","author_link":"https:\/\/cnmanzanolegal.com\/fr\/author\/ecotes\/"},"rttpg_comment":0,"rttpg_category":null,"rttpg_excerpt":"Famille \/ NNA (mineurs) D\u00e9termination des h\u00e9ritiers. Partition amiable oujudiciaire. Les demandes de reconnaissance ou de d\u00e9ni de paternit\u00e9. Divorces (Consentement mutuel\/Incompatibilit\u00e9 des caract\u00e8res). Demandes de formation de conseils de famille.","_links":{"self":[{"href":"https:\/\/cnmanzanolegal.com\/fr\/wp-json\/wp\/v2\/pages\/9060"}],"collection":[{"href":"https:\/\/cnmanzanolegal.com\/fr\/wp-json\/wp\/v2\/pages"}],"about":[{"href":"https:\/\/cnmanzanolegal.com\/fr\/wp-json\/wp\/v2\/types\/page"}],"author":[{"embeddable":true,"href":"https:\/\/cnmanzanolegal.com\/fr\/wp-json\/wp\/v2\/users\/1"}],"replies":[{"embeddable":true,"href":"https:\/\/cnmanzanolegal.com\/fr\/wp-json\/wp\/v2\/comments?post=9060"}],"version-history":[{"count":8,"href":"https:\/\/cnmanzanolegal.com\/fr\/wp-json\/wp\/v2\/pages\/9060\/revisions"}],"predecessor-version":[{"id":9594,"href":"https:\/\/cnmanzanolegal.com\/fr\/wp-json\/wp\/v2\/pages\/9060\/revisions\/9594"}],"wp:attachment":[{"href":"https:\/\/cnmanzanolegal.com\/fr\/wp-json\/wp\/v2\/media?parent=9060"}],"curies":[{"name":"wp","href":"https:\/\/api.w.org\/{rel}","templated":true}]}}