{"id":9059,"date":"2022-05-28T06:32:31","date_gmt":"2022-05-28T06:32:31","guid":{"rendered":"http:\/\/cnmanzanolegal.com\/?page_id=9059"},"modified":"2022-06-24T05:03:52","modified_gmt":"2022-06-24T05:03:52","slug":"commercial","status":"publish","type":"page","link":"https:\/\/cnmanzanolegal.com\/fr\/commercial\/","title":{"rendered":"Entreprise\/Commercial"},"content":{"rendered":"\t\t<div data-elementor-type=\"wp-page\" data-elementor-id=\"9059\" class=\"elementor elementor-9059\">\n\t\t\t\t\t\t<section class=\"elementor-section elementor-top-section elementor-element elementor-element-d1aba58 elementor-section-boxed elementor-section-height-default elementor-section-height-default\" data-id=\"d1aba58\" data-element_type=\"section\">\n\t\t\t\t\t\t<div class=\"elementor-container elementor-column-gap-default\">\n\t\t\t\t\t<div class=\"elementor-column elementor-col-100 elementor-top-column elementor-element elementor-element-bdfd876\" data-id=\"bdfd876\" data-element_type=\"column\">\n\t\t\t<div class=\"elementor-widget-wrap elementor-element-populated\">\n\t\t\t\t\t\t<div class=\"elementor-element elementor-element-3b5a70a elementor-widget elementor-widget-spacer\" data-id=\"3b5a70a\" data-element_type=\"widget\" data-widget_type=\"spacer.default\">\n\t\t\t\t<div class=\"elementor-widget-container\">\n\t\t\t\t\t<div class=\"elementor-spacer\">\n\t\t\t<div class=\"elementor-spacer-inner\"><\/div>\n\t\t<\/div>\n\t\t\t\t<\/div>\n\t\t\t\t<\/div>\n\t\t\t\t<div class=\"elementor-element elementor-element-3e1c017 elementor-widget elementor-widget-heading\" data-id=\"3e1c017\" data-element_type=\"widget\" data-widget_type=\"heading.default\">\n\t\t\t\t<div class=\"elementor-widget-container\">\n\t\t\t<h2 class=\"elementor-heading-title elementor-size-default\">Entreprise\/Commercial<\/h2>\t\t<\/div>\n\t\t\t\t<\/div>\n\t\t\t\t<div class=\"elementor-element elementor-element-073a7e0 elementor-widget elementor-widget-rt-icon-list\" data-id=\"073a7e0\" data-element_type=\"widget\" data-widget_type=\"rt-icon-list.default\">\n\t\t\t\t<div class=\"elementor-widget-container\">\n\t\t\t\n<div class=\"rt-icon-box\">\n\t<ul class=\"rt-icon-box practice-list-box\">\n\t\t\t\t\t\t<li>Constitution, modification, mise \u00e0 jour, dissolution et fin des op\u00e9rations des soci\u00e9t\u00e9s\/fondations.<\/li>\n\t\t\t\t\t\t<li>Incorporation de soci\u00e9t\u00e9s \u00e9trang\u00e8res.<\/li>\n\t\t\t\t\t\t<li>Traitement de tous les types de transactions commerciales.<\/li>\n\t\t\t\t\t\t<li>Les revendications au sens g\u00e9n\u00e9ral.<\/li>\n\t\t\t<\/ul>\n<\/div>\n\t\t<\/div>\n\t\t\t\t<\/div>\n\t\t\t\t<div class=\"elementor-element elementor-element-88faad6 elementor-widget elementor-widget-spacer\" data-id=\"88faad6\" data-element_type=\"widget\" data-widget_type=\"spacer.default\">\n\t\t\t\t<div class=\"elementor-widget-container\">\n\t\t\t\t\t<div class=\"elementor-spacer\">\n\t\t\t<div class=\"elementor-spacer-inner\"><\/div>\n\t\t<\/div>\n\t\t\t\t<\/div>\n\t\t\t\t<\/div>\n\t\t\t\t\t<\/div>\n\t\t<\/div>\n\t\t\t\t\t<\/div>\n\t\t<\/section>\n\t\t\t\t<\/div>\n\t\t","protected":false},"excerpt":{"rendered":"<p>Entreprise\/Commercial Constitution, modification, mise \u00e0 jour, dissolution et fin des op\u00e9rations des soci\u00e9t\u00e9s\/fondations. Incorporation de soci\u00e9t\u00e9s \u00e9trang\u00e8res. Traitement de tous les types de transactions commerciales. Les revendications au sens g\u00e9n\u00e9ral.<\/p>\n","protected":false},"author":1,"featured_media":0,"parent":0,"menu_order":0,"comment_status":"closed","ping_status":"closed","template":"","meta":{"om_disable_all_campaigns":false,"_monsterinsights_skip_tracking":false,"_monsterinsights_sitenote_active":false,"_monsterinsights_sitenote_note":"","_monsterinsights_sitenote_category":0,"footnotes":""},"class_list":["post-9059","page","type-page","status-publish","hentry"],"aioseo_notices":[],"rttpg_featured_image_url":null,"rttpg_author":{"display_name":"ecotes","author_link":"https:\/\/cnmanzanolegal.com\/fr\/author\/ecotes\/"},"rttpg_comment":0,"rttpg_category":null,"rttpg_excerpt":"Entreprise\/Commercial Constitution, modification, mise \u00e0 jour, dissolution et fin des op\u00e9rations des soci\u00e9t\u00e9s\/fondations. Incorporation de soci\u00e9t\u00e9s \u00e9trang\u00e8res. Traitement de tous les types de transactions commerciales. Les revendications au sens g\u00e9n\u00e9ral.","_links":{"self":[{"href":"https:\/\/cnmanzanolegal.com\/fr\/wp-json\/wp\/v2\/pages\/9059"}],"collection":[{"href":"https:\/\/cnmanzanolegal.com\/fr\/wp-json\/wp\/v2\/pages"}],"about":[{"href":"https:\/\/cnmanzanolegal.com\/fr\/wp-json\/wp\/v2\/types\/page"}],"author":[{"embeddable":true,"href":"https:\/\/cnmanzanolegal.com\/fr\/wp-json\/wp\/v2\/users\/1"}],"replies":[{"embeddable":true,"href":"https:\/\/cnmanzanolegal.com\/fr\/wp-json\/wp\/v2\/comments?post=9059"}],"version-history":[{"count":18,"href":"https:\/\/cnmanzanolegal.com\/fr\/wp-json\/wp\/v2\/pages\/9059\/revisions"}],"predecessor-version":[{"id":9668,"href":"https:\/\/cnmanzanolegal.com\/fr\/wp-json\/wp\/v2\/pages\/9059\/revisions\/9668"}],"wp:attachment":[{"href":"https:\/\/cnmanzanolegal.com\/fr\/wp-json\/wp\/v2\/media?parent=9059"}],"curies":[{"name":"wp","href":"https:\/\/api.w.org\/{rel}","templated":true}]}}