{"id":9058,"date":"2022-05-28T06:31:26","date_gmt":"2022-05-28T06:31:26","guid":{"rendered":"http:\/\/cnmanzanolegal.com\/?page_id=9058"},"modified":"2022-06-24T04:58:35","modified_gmt":"2022-06-24T04:58:35","slug":"immobilier","status":"publish","type":"page","link":"https:\/\/cnmanzanolegal.com\/fr\/immobilier\/","title":{"rendered":"Immobilier \/ Registre"},"content":{"rendered":"\t\t<div data-elementor-type=\"wp-page\" data-elementor-id=\"9058\" class=\"elementor elementor-9058\">\n\t\t\t\t\t\t<section class=\"elementor-section elementor-top-section elementor-element elementor-element-b482c52 elementor-section-boxed elementor-section-height-default elementor-section-height-default\" data-id=\"b482c52\" data-element_type=\"section\">\n\t\t\t\t\t\t<div class=\"elementor-container elementor-column-gap-default\">\n\t\t\t\t\t<div class=\"elementor-column elementor-col-100 elementor-top-column elementor-element elementor-element-f51c64b\" data-id=\"f51c64b\" data-element_type=\"column\">\n\t\t\t<div class=\"elementor-widget-wrap elementor-element-populated\">\n\t\t\t\t\t\t<div class=\"elementor-element elementor-element-758a926 elementor-widget elementor-widget-spacer\" data-id=\"758a926\" data-element_type=\"widget\" data-widget_type=\"spacer.default\">\n\t\t\t\t<div class=\"elementor-widget-container\">\n\t\t\t\t\t<div class=\"elementor-spacer\">\n\t\t\t<div class=\"elementor-spacer-inner\"><\/div>\n\t\t<\/div>\n\t\t\t\t<\/div>\n\t\t\t\t<\/div>\n\t\t\t\t<div class=\"elementor-element elementor-element-2c2c855 elementor-widget elementor-widget-heading\" data-id=\"2c2c855\" data-element_type=\"widget\" data-widget_type=\"heading.default\">\n\t\t\t\t<div class=\"elementor-widget-container\">\n\t\t\t<h2 class=\"elementor-heading-title elementor-size-default\">Immobilier \/ Registre <\/h2>\t\t<\/div>\n\t\t\t\t<\/div>\n\t\t\t\t<div class=\"elementor-element elementor-element-ba4db1c elementor-widget elementor-widget-rt-icon-list\" data-id=\"ba4db1c\" data-element_type=\"widget\" data-widget_type=\"rt-icon-list.default\">\n\t\t\t\t<div class=\"elementor-widget-container\">\n\t\t\t\n<div class=\"rt-icon-box\">\n\t<ul class=\"rt-icon-box practice-list-box\">\n\t\t\t\t\t\t<li>Litiges sur les droits enregistr\u00e9s.<\/li>\n\t\t\t\t\t\t<li>Demander et obtenirtous types de certifications (statu juridique, droits r\u00e9els et accessoires, droits de propri\u00e9t\u00e9 envigueur, r\u00e9serve de priorit\u00e9, etc.)<\/li>\n\t\t\t\t\t\t<li>Transferts de biens immobiliers, Constitution du r\u00e9gime de copropri\u00e9t\u00e9, Obtention de duplicata en cas de perte, Processus de correction d'erreur mat\u00e9rielle dans les certificats de titres, D\u00e9marcations, Re-fondations, Urbanisations de parcelles, etc.<\/li>\n\t\t\t\t\t\t<li>Inscription d'hypoth\u00e8ques, d'usufruit, de servitudes, de privil\u00e8ge de vendeur impay\u00e9, de cession de cr\u00e9dit, etc., ainsi que la lev\u00e9e et\/ou la radiation de tous types d'annotations pr\u00e9ventives.<\/li>\n\t\t\t<\/ul>\n<\/div>\n\t\t<\/div>\n\t\t\t\t<\/div>\n\t\t\t\t<div class=\"elementor-element elementor-element-a1d9d06 elementor-widget elementor-widget-spacer\" data-id=\"a1d9d06\" data-element_type=\"widget\" data-widget_type=\"spacer.default\">\n\t\t\t\t<div class=\"elementor-widget-container\">\n\t\t\t\t\t<div class=\"elementor-spacer\">\n\t\t\t<div class=\"elementor-spacer-inner\"><\/div>\n\t\t<\/div>\n\t\t\t\t<\/div>\n\t\t\t\t<\/div>\n\t\t\t\t\t<\/div>\n\t\t<\/div>\n\t\t\t\t\t<\/div>\n\t\t<\/section>\n\t\t\t\t<\/div>\n\t\t","protected":false},"excerpt":{"rendered":"<p>Immobilier \/ Registre Litiges sur les droits enregistr\u00e9s. Demander et obtenirtous types de certifications (statu juridique, droits r\u00e9els et accessoires, droits de propri\u00e9t\u00e9 envigueur, r\u00e9serve de priorit\u00e9, etc.) Transferts de biens immobiliers, Constitution du r\u00e9gime de copropri\u00e9t\u00e9, Obtention de duplicata en cas de perte, Processus de correction d&#8217;erreur mat\u00e9rielle dans les certificats de titres, D\u00e9marcations,&#8230;<\/p>\n","protected":false},"author":1,"featured_media":0,"parent":0,"menu_order":0,"comment_status":"closed","ping_status":"closed","template":"","meta":{"om_disable_all_campaigns":false,"_monsterinsights_skip_tracking":false,"_monsterinsights_sitenote_active":false,"_monsterinsights_sitenote_note":"","_monsterinsights_sitenote_category":0,"footnotes":""},"class_list":["post-9058","page","type-page","status-publish","hentry"],"aioseo_notices":[],"rttpg_featured_image_url":null,"rttpg_author":{"display_name":"ecotes","author_link":"https:\/\/cnmanzanolegal.com\/fr\/author\/ecotes\/"},"rttpg_comment":0,"rttpg_category":null,"rttpg_excerpt":"Immobilier \/ Registre Litiges sur les droits enregistr\u00e9s. Demander et obtenirtous types de certifications (statu juridique, droits r\u00e9els et accessoires, droits de propri\u00e9t\u00e9 envigueur, r\u00e9serve de priorit\u00e9, etc.) Transferts de biens immobiliers, Constitution du r\u00e9gime de copropri\u00e9t\u00e9, Obtention de duplicata en cas de perte, Processus de correction d&#8217;erreur mat\u00e9rielle dans les certificats de titres, D\u00e9marcations,...","_links":{"self":[{"href":"https:\/\/cnmanzanolegal.com\/fr\/wp-json\/wp\/v2\/pages\/9058"}],"collection":[{"href":"https:\/\/cnmanzanolegal.com\/fr\/wp-json\/wp\/v2\/pages"}],"about":[{"href":"https:\/\/cnmanzanolegal.com\/fr\/wp-json\/wp\/v2\/types\/page"}],"author":[{"embeddable":true,"href":"https:\/\/cnmanzanolegal.com\/fr\/wp-json\/wp\/v2\/users\/1"}],"replies":[{"embeddable":true,"href":"https:\/\/cnmanzanolegal.com\/fr\/wp-json\/wp\/v2\/comments?post=9058"}],"version-history":[{"count":12,"href":"https:\/\/cnmanzanolegal.com\/fr\/wp-json\/wp\/v2\/pages\/9058\/revisions"}],"predecessor-version":[{"id":9665,"href":"https:\/\/cnmanzanolegal.com\/fr\/wp-json\/wp\/v2\/pages\/9058\/revisions\/9665"}],"wp:attachment":[{"href":"https:\/\/cnmanzanolegal.com\/fr\/wp-json\/wp\/v2\/media?parent=9058"}],"curies":[{"name":"wp","href":"https:\/\/api.w.org\/{rel}","templated":true}]}}