{"id":9057,"date":"2022-05-28T06:30:22","date_gmt":"2022-05-28T06:30:22","guid":{"rendered":"http:\/\/cnmanzanolegal.com\/?page_id=9057"},"modified":"2022-06-24T04:52:28","modified_gmt":"2022-06-24T04:52:28","slug":"civil","status":"publish","type":"page","link":"https:\/\/cnmanzanolegal.com\/fr\/civil\/","title":{"rendered":"Civil et Proc\u00e9dure Civile"},"content":{"rendered":"\t\t<div data-elementor-type=\"wp-page\" data-elementor-id=\"9057\" class=\"elementor elementor-9057\">\n\t\t\t\t\t\t<section class=\"elementor-section elementor-top-section elementor-element elementor-element-f0c13da elementor-section-boxed elementor-section-height-default elementor-section-height-default\" data-id=\"f0c13da\" data-element_type=\"section\">\n\t\t\t\t\t\t<div class=\"elementor-container elementor-column-gap-default\">\n\t\t\t\t\t<div class=\"elementor-column elementor-col-100 elementor-top-column elementor-element elementor-element-51a4a4e\" data-id=\"51a4a4e\" data-element_type=\"column\">\n\t\t\t<div class=\"elementor-widget-wrap elementor-element-populated\">\n\t\t\t\t\t\t<div class=\"elementor-element elementor-element-efc974a elementor-widget elementor-widget-spacer\" data-id=\"efc974a\" data-element_type=\"widget\" data-widget_type=\"spacer.default\">\n\t\t\t\t<div class=\"elementor-widget-container\">\n\t\t\t\t\t<div class=\"elementor-spacer\">\n\t\t\t<div class=\"elementor-spacer-inner\"><\/div>\n\t\t<\/div>\n\t\t\t\t<\/div>\n\t\t\t\t<\/div>\n\t\t\t\t<div class=\"elementor-element elementor-element-793f8cf elementor-widget elementor-widget-heading\" data-id=\"793f8cf\" data-element_type=\"widget\" data-widget_type=\"heading.default\">\n\t\t\t\t<div class=\"elementor-widget-container\">\n\t\t\t<h2 class=\"elementor-heading-title elementor-size-default\">Civil et Proc\u00e9dure Civile<\/h2>\t\t<\/div>\n\t\t\t\t<\/div>\n\t\t\t\t<div class=\"elementor-element elementor-element-b880946 elementor-widget elementor-widget-rt-icon-list\" data-id=\"b880946\" data-element_type=\"widget\" data-widget_type=\"rt-icon-list.default\">\n\t\t\t\t<div class=\"elementor-widget-container\">\n\t\t\t\n<div class=\"rt-icon-box\">\n\t<ul class=\"rt-icon-box practice-list-box\">\n\t\t\t\t\t\t<li>R\u00e9daction de contrats en g\u00e9n\u00e9ral.<\/li>\n\t\t\t\t\t\t<li>Transferts de v\u00e9hicules et de navires.<\/li>\n\t\t\t\t\t\t<li>Proc\u00e9duresd' expropriation forc\u00e9e (saisies).<\/li>\n\t\t\t\t\t\t<li>R\u00e9clamations (recouvrement de valeurs, r\u00e9paration de dommages, renvois, expulsions, r\u00e9siliation et\/ouex\u00e9cution de contrats, etc.)<\/li>\n\t\t\t<\/ul>\n<\/div>\n\t\t<\/div>\n\t\t\t\t<\/div>\n\t\t\t\t<div class=\"elementor-element elementor-element-828aa5c elementor-widget elementor-widget-spacer\" data-id=\"828aa5c\" data-element_type=\"widget\" data-widget_type=\"spacer.default\">\n\t\t\t\t<div class=\"elementor-widget-container\">\n\t\t\t\t\t<div class=\"elementor-spacer\">\n\t\t\t<div class=\"elementor-spacer-inner\"><\/div>\n\t\t<\/div>\n\t\t\t\t<\/div>\n\t\t\t\t<\/div>\n\t\t\t\t\t<\/div>\n\t\t<\/div>\n\t\t\t\t\t<\/div>\n\t\t<\/section>\n\t\t\t\t<\/div>\n\t\t","protected":false},"excerpt":{"rendered":"<p>Civil et Proc\u00e9dure Civile R\u00e9daction de contrats en g\u00e9n\u00e9ral. Transferts de v\u00e9hicules et de navires. Proc\u00e9duresd&#8217; expropriation forc\u00e9e (saisies). R\u00e9clamations (recouvrement de valeurs, r\u00e9paration de dommages, renvois, expulsions, r\u00e9siliation et\/ouex\u00e9cution de contrats, etc.)<\/p>\n","protected":false},"author":1,"featured_media":0,"parent":0,"menu_order":0,"comment_status":"closed","ping_status":"closed","template":"","meta":{"om_disable_all_campaigns":false,"_monsterinsights_skip_tracking":false,"_monsterinsights_sitenote_active":false,"_monsterinsights_sitenote_note":"","_monsterinsights_sitenote_category":0,"footnotes":""},"class_list":["post-9057","page","type-page","status-publish","hentry"],"aioseo_notices":[],"rttpg_featured_image_url":null,"rttpg_author":{"display_name":"ecotes","author_link":"https:\/\/cnmanzanolegal.com\/fr\/author\/ecotes\/"},"rttpg_comment":0,"rttpg_category":null,"rttpg_excerpt":"Civil et Proc\u00e9dure Civile R\u00e9daction de contrats en g\u00e9n\u00e9ral. Transferts de v\u00e9hicules et de navires. Proc\u00e9duresd&#8217; expropriation forc\u00e9e (saisies). R\u00e9clamations (recouvrement de valeurs, r\u00e9paration de dommages, renvois, expulsions, r\u00e9siliation et\/ouex\u00e9cution de contrats, etc.)","_links":{"self":[{"href":"https:\/\/cnmanzanolegal.com\/fr\/wp-json\/wp\/v2\/pages\/9057"}],"collection":[{"href":"https:\/\/cnmanzanolegal.com\/fr\/wp-json\/wp\/v2\/pages"}],"about":[{"href":"https:\/\/cnmanzanolegal.com\/fr\/wp-json\/wp\/v2\/types\/page"}],"author":[{"embeddable":true,"href":"https:\/\/cnmanzanolegal.com\/fr\/wp-json\/wp\/v2\/users\/1"}],"replies":[{"embeddable":true,"href":"https:\/\/cnmanzanolegal.com\/fr\/wp-json\/wp\/v2\/comments?post=9057"}],"version-history":[{"count":30,"href":"https:\/\/cnmanzanolegal.com\/fr\/wp-json\/wp\/v2\/pages\/9057\/revisions"}],"predecessor-version":[{"id":9659,"href":"https:\/\/cnmanzanolegal.com\/fr\/wp-json\/wp\/v2\/pages\/9057\/revisions\/9659"}],"wp:attachment":[{"href":"https:\/\/cnmanzanolegal.com\/fr\/wp-json\/wp\/v2\/media?parent=9057"}],"curies":[{"name":"wp","href":"https:\/\/api.w.org\/{rel}","templated":true}]}}