{"id":575,"date":"2020-12-04T11:07:00","date_gmt":"2020-12-04T11:07:00","guid":{"rendered":"http:\/\/cnmanzanolegal.com\/?page_id=575"},"modified":"2022-06-23T06:35:03","modified_gmt":"2022-06-23T06:35:03","slug":"nous-sommes","status":"publish","type":"page","link":"https:\/\/cnmanzanolegal.com\/fr\/nous-sommes\/","title":{"rendered":"Nous Sommes"},"content":{"rendered":"\t\t<div data-elementor-type=\"wp-page\" data-elementor-id=\"575\" class=\"elementor elementor-575\">\n\t\t\t\t\t\t<section class=\"elementor-section elementor-top-section elementor-element elementor-element-8d1b33c elementor-section-full_width elementor-section-height-default elementor-section-height-default\" data-id=\"8d1b33c\" data-element_type=\"section\" data-settings=\"{&quot;background_background&quot;:&quot;classic&quot;}\">\n\t\t\t\t\t\t<div class=\"elementor-container elementor-column-gap-no\">\n\t\t\t\t\t<div class=\"elementor-column elementor-col-100 elementor-top-column elementor-element elementor-element-c8e368c\" data-id=\"c8e368c\" data-element_type=\"column\" data-settings=\"{&quot;background_background&quot;:&quot;classic&quot;}\">\n\t\t\t<div class=\"elementor-widget-wrap elementor-element-populated\">\n\t\t\t\t\t\t<div class=\"elementor-element elementor-element-af88c89 elementor-widget elementor-widget-spacer\" data-id=\"af88c89\" data-element_type=\"widget\" data-widget_type=\"spacer.default\">\n\t\t\t\t<div class=\"elementor-widget-container\">\n\t\t\t\t\t<div class=\"elementor-spacer\">\n\t\t\t<div class=\"elementor-spacer-inner\"><\/div>\n\t\t<\/div>\n\t\t\t\t<\/div>\n\t\t\t\t<\/div>\n\t\t\t\t\t<\/div>\n\t\t<\/div>\n\t\t\t\t\t<\/div>\n\t\t<\/section>\n\t\t\t\t<section class=\"elementor-section elementor-top-section elementor-element elementor-element-c15ef8b elementor-section-full_width elementor-section-height-default elementor-section-height-default\" data-id=\"c15ef8b\" data-element_type=\"section\" data-settings=\"{&quot;background_background&quot;:&quot;classic&quot;}\">\n\t\t\t\t\t\t\t<div class=\"elementor-background-overlay\"><\/div>\n\t\t\t\t\t\t\t<div class=\"elementor-container elementor-column-gap-no\">\n\t\t\t\t\t<div class=\"elementor-column elementor-col-100 elementor-top-column elementor-element elementor-element-55533d6\" data-id=\"55533d6\" data-element_type=\"column\">\n\t\t\t<div class=\"elementor-widget-wrap elementor-element-populated\">\n\t\t\t\t\t\t<section class=\"elementor-section elementor-inner-section elementor-element elementor-element-23db016 elementor-section-boxed elementor-section-height-default elementor-section-height-default\" data-id=\"23db016\" data-element_type=\"section\">\n\t\t\t\t\t\t<div class=\"elementor-container elementor-column-gap-default\">\n\t\t\t\t\t<div class=\"elementor-column elementor-col-100 elementor-inner-column elementor-element elementor-element-52e6ae4\" data-id=\"52e6ae4\" data-element_type=\"column\">\n\t\t\t<div class=\"elementor-widget-wrap elementor-element-populated\">\n\t\t\t\t\t\t<div class=\"elementor-element elementor-element-0851ada elementor-widget elementor-widget-rt-service-box\" data-id=\"0851ada\" data-element_type=\"widget\" data-widget_type=\"rt-service-box.default\">\n\t\t\t\t<div class=\"elementor-widget-container\">\n\t\t\t\n<ul class=\"one-column-wrap\">\n        <li class=\"process-box-layout2\">\n                <div class=\"item-icon\">\n            <i class=\" flaticon-law\"><\/i>\n        <\/div>\n                <div class=\"item-content\">\n                        <h3 class=\"item-title\">Qui Nous Sommes<\/h3>\n                        <p>Notre soci\u00e9t\u00e9 vous offre la possibilit\u00e9 de satisfaire vos besoins juridiques et est \u00e0 votre disposition pour r\u00e9soudre, selon des normes \u00e9lev\u00e9es de qualit\u00e9 et de diligence, vos proc\u00e9dures judiciaires, ainsi que pour vous fournir des conseils dans vos op\u00e9rations et\/ou transactions commerciales.<\/p>\n                    <\/div>\n    <\/li>\n    <\/ul>\t\t<\/div>\n\t\t\t\t<\/div>\n\t\t\t\t<div class=\"elementor-element elementor-element-b2d6f55 elementor-widget elementor-widget-rt-service-box\" data-id=\"b2d6f55\" data-element_type=\"widget\" data-widget_type=\"rt-service-box.default\">\n\t\t\t\t<div class=\"elementor-widget-container\">\n\t\t\t\n\n<section class=\"feature-wrap-layout1\">\n\t<div class=\"row no-gutters d-md-flex justify-content-center\">\n\t\t\t\t<div class=\"col-lg-4 col-md-6 col-12\">\n\t\t\t<div class=\"feature-box-layout1\">\n\n\t\t\t\t<div class=\"item-icon\">\n\t\t\t\t\t<i class=\"far fa-arrow-alt-circle-up\"><\/i>\n\t\t\t\t<\/div>\n\t\t\t\t\t\t\t\t<h3 class=\"item-title\">Notre Mission:<\/h3>\n\t\t\t\t\t\t\t\t<p>Identifier les voies de solution les plus r\u00e9alisables pour les int\u00e9r\u00eats de nos clients, par un travail constant, dans le cadre de l&#039;excellence et de la rapidit\u00e9, afin que chaque processus soit le plus fluide possible.<\/p>\n\t\t\t\t\t\t\t<\/div>\n\t\t<\/div>\n\t\t\t\t<div class=\"col-lg-4 col-md-6 col-12\">\n\t\t\t<div class=\"feature-box-layout1\">\n\n\t\t\t\t<div class=\"item-icon\">\n\t\t\t\t\t<i class=\"far fa-handshake\"><\/i>\n\t\t\t\t<\/div>\n\t\t\t\t\t\t\t\t<h3 class=\"item-title\">Nos Valeurs:<\/h3>\n\t\t\t\t\t\t\t\t<p>\u00c9thique - Qualit\u00e9 - Engagement - Loyaut\u00e9 - D\u00e9vouement.<\/p>\n\t\t\t\t\t\t\t<\/div>\n\t\t<\/div>\n\t\t\t\t<div class=\"col-lg-4 col-md-6 col-12\">\n\t\t\t<div class=\"feature-box-layout1\">\n\n\t\t\t\t<div class=\"item-icon\">\n\t\t\t\t\t<i class=\"far fa-eye\"><\/i>\n\t\t\t\t<\/div>\n\t\t\t\t\t\t\t\t<h3 class=\"item-title\">Vision:<\/h3>\n\t\t\t\t\t\t\t\t<p>Exercer la profession avec les plus hauts pr\u00e9ceptes de responsabilit\u00e9, de d\u00e9vouement et de respect de la r\u00e9glementation, afin de s&#039;assurer que la ligne de conduite suivie est conforme \u00e0 la l\u00e9gitimit\u00e9 des r\u00e9sultats recherch\u00e9s.<\/p>\n\t\t\t\t\t\t\t<\/div>\n\t\t<\/div>\n\t\t\t<\/div>\n<\/section>\n\t\t<\/div>\n\t\t\t\t<\/div>\n\t\t\t\t\t<\/div>\n\t\t<\/div>\n\t\t\t\t\t<\/div>\n\t\t<\/section>\n\t\t\t\t\t<\/div>\n\t\t<\/div>\n\t\t\t\t\t<\/div>\n\t\t<\/section>\n\t\t\t\t<section class=\"elementor-section elementor-top-section elementor-element elementor-element-9dd8f80 elementor-hidden-desktop elementor-hidden-tablet elementor-hidden-mobile elementor-section-boxed elementor-section-height-default elementor-section-height-default\" data-id=\"9dd8f80\" data-element_type=\"section\" data-settings=\"{&quot;background_background&quot;:&quot;classic&quot;}\">\n\t\t\t\t\t\t<div class=\"elementor-container elementor-column-gap-default\">\n\t\t\t\t\t<div class=\"elementor-column elementor-col-100 elementor-top-column elementor-element elementor-element-a4ea626\" data-id=\"a4ea626\" data-element_type=\"column\">\n\t\t\t<div class=\"elementor-widget-wrap elementor-element-populated\">\n\t\t\t\t\t\t<div class=\"elementor-element elementor-element-b4a1e31 elementor-widget elementor-widget-rt-section-heading\" data-id=\"b4a1e31\" data-element_type=\"widget\" data-widget_type=\"rt-section-heading.default\">\n\t\t\t\t<div class=\"elementor-widget-container\">\n\t\t\t\n<div class=\"section-heading2\">\n\t\t<h2 class=\"heading-main-title\">Our History<\/h2>\n\t<\/div>\t\t<\/div>\n\t\t\t\t<\/div>\n\t\t\t\t<section class=\"elementor-section elementor-inner-section elementor-element elementor-element-5706a64 elementor-section-boxed elementor-section-height-default elementor-section-height-default\" data-id=\"5706a64\" data-element_type=\"section\" data-settings=\"{&quot;background_background&quot;:&quot;classic&quot;}\">\n\t\t\t\t\t\t<div class=\"elementor-container elementor-column-gap-default\">\n\t\t\t\t\t<div class=\"elementor-column elementor-col-100 elementor-inner-column elementor-element elementor-element-435bd21\" data-id=\"435bd21\" data-element_type=\"column\">\n\t\t\t<div class=\"elementor-widget-wrap elementor-element-populated\">\n\t\t\t\t\t\t<div class=\"elementor-element elementor-element-7e868c4 elementor-widget elementor-widget-rt-history\" data-id=\"7e868c4\" data-element_type=\"widget\" data-widget_type=\"rt-history.default\">\n\t\t\t\t<div class=\"elementor-widget-container\">\n\t\t\t\n\n <ul class=\"history-inner-layout1\">\n        <li class=\"history-box-layout1\">\n                <div class=\"item-year\">2013<\/div>\n                <div class=\"item-content\">\n                        <h3>Established<\/h3>\n                        <p>Grursus mal suada faci lisis dummy Lorem ipsum dolarorit more a ametion consectetur elit. Vesti at bulum neci and odio aea the dumm ipsumm ipsum dolocons fadolorit elit.<\/p>\n                    <\/div>\n    <\/li>\n        <li class=\"history-box-layout1\">\n                <div class=\"item-year\">2015<\/div>\n                <div class=\"item-content\">\n                        <h3>Office Founded<\/h3>\n                        <p>Grursus mal suada faci lisis dummy Lorem ipsum dolarorit more a ametion consectetur elit. Vesti at bulum neci and odio aea the dumm ipsumm ipsum dolocons fadolorit elit.<\/p>\n                    <\/div>\n    <\/li>\n        <li class=\"history-box-layout1\">\n                <div class=\"item-year\">2017<\/div>\n                <div class=\"item-content\">\n                        <h3>Big Restructuring..<\/h3>\n                        <p>Grursus mal suada faci lisis dummy Lorem ipsum dolarorit more a ametion consectetur elit. Vesti at bulum neci and odio aea the dumm ipsumm ipsum dolocons fadolorit elit.<\/p>\n                    <\/div>\n    <\/li>\n        <li class=\"history-box-layout1\">\n                <div class=\"item-year\">2018<\/div>\n                <div class=\"item-content\">\n                        <h3>We Have Opened Two Offices<\/h3>\n                        <p>Grursus mal suada faci lisis dummy Lorem ipsum dolarorit more a ametion consectetur elit. Vesti at bulum neci and odio aea the dumm ipsumm ipsum dolocons fadolorit elit.<\/p>\n                    <\/div>\n    <\/li>\n        <li class=\"history-box-layout1\">\n                <div class=\"item-year\">2019<\/div>\n                <div class=\"item-content\">\n                        <h3>Our First Government Deal<\/h3>\n                        <p>Grursus mal suada faci lisis dummy Lorem ipsum dolarorit more a ametion consectetur elit. Vesti at bulum neci and odio aea the dumm ipsumm ipsum dolocons fadolorit elit.<\/p>\n                    <\/div>\n    <\/li>\n    <\/ul>\n\t\t<\/div>\n\t\t\t\t<\/div>\n\t\t\t\t\t<\/div>\n\t\t<\/div>\n\t\t\t\t\t<\/div>\n\t\t<\/section>\n\t\t\t\t\t<\/div>\n\t\t<\/div>\n\t\t\t\t\t<\/div>\n\t\t<\/section>\n\t\t\t\t<section class=\"elementor-section elementor-top-section elementor-element elementor-element-3636ff6 elementor-section-boxed elementor-section-height-default elementor-section-height-default\" data-id=\"3636ff6\" data-element_type=\"section\">\n\t\t\t\t\t\t<div class=\"elementor-container elementor-column-gap-default\">\n\t\t\t\t\t<div class=\"elementor-column elementor-col-100 elementor-top-column elementor-element elementor-element-bc38f1c\" data-id=\"bc38f1c\" data-element_type=\"column\">\n\t\t\t<div class=\"elementor-widget-wrap elementor-element-populated\">\n\t\t\t\t\t\t<div class=\"elementor-element elementor-element-52e44f6 elementor-widget elementor-widget-image\" data-id=\"52e44f6\" data-element_type=\"widget\" data-widget_type=\"image.default\">\n\t\t\t\t<div class=\"elementor-widget-container\">\n\t\t\t\t\t\t\t\t\t\t\t\t\t<img fetchpriority=\"high\" decoding=\"async\" width=\"980\" height=\"1024\" src=\"https:\/\/cnmanzanolegal.com\/fr\/wp-content\/uploads\/2022\/06\/IMG-20220604-WA0063-980x1024.jpg\" class=\"attachment-large size-large wp-image-9388\" alt=\"\" \/>\t\t\t\t\t\t\t\t\t\t\t\t\t<\/div>\n\t\t\t\t<\/div>\n\t\t\t\t\t<\/div>\n\t\t<\/div>\n\t\t\t\t\t<\/div>\n\t\t<\/section>\n\t\t\t\t<section class=\"elementor-section elementor-top-section elementor-element elementor-element-140106c elementor-section-boxed elementor-section-height-default elementor-section-height-default\" data-id=\"140106c\" data-element_type=\"section\">\n\t\t\t\t\t\t<div class=\"elementor-container elementor-column-gap-default\">\n\t\t\t\t\t<div class=\"elementor-column elementor-col-100 elementor-top-column elementor-element elementor-element-e7771bb\" data-id=\"e7771bb\" data-element_type=\"column\">\n\t\t\t<div class=\"elementor-widget-wrap\">\n\t\t\t\t\t\t\t<\/div>\n\t\t<\/div>\n\t\t\t\t\t<\/div>\n\t\t<\/section>\n\t\t\t\t<\/div>\n\t\t","protected":false},"excerpt":{"rendered":"<p>Qui Nous Sommes Notre soci\u00e9t\u00e9 vous offre la possibilit\u00e9 de satisfaire vos besoins juridiques et est \u00e0 votre disposition pour r\u00e9soudre, selon des normes \u00e9lev\u00e9es de qualit\u00e9 et de diligence, vos proc\u00e9dures judiciaires, ainsi que pour vous fournir des conseils dans vos op\u00e9rations et\/ou transactions commerciales. Notre Mission: Identifier les voies de solution les plus&#8230;<\/p>\n","protected":false},"author":1,"featured_media":0,"parent":0,"menu_order":0,"comment_status":"closed","ping_status":"closed","template":"","meta":{"om_disable_all_campaigns":false,"_monsterinsights_skip_tracking":false,"_monsterinsights_sitenote_active":false,"_monsterinsights_sitenote_note":"","_monsterinsights_sitenote_category":0,"footnotes":""},"class_list":["post-575","page","type-page","status-publish","hentry"],"aioseo_notices":[],"rttpg_featured_image_url":null,"rttpg_author":{"display_name":"ecotes","author_link":"https:\/\/cnmanzanolegal.com\/fr\/author\/ecotes\/"},"rttpg_comment":0,"rttpg_category":null,"rttpg_excerpt":"Qui Nous Sommes Notre soci\u00e9t\u00e9 vous offre la possibilit\u00e9 de satisfaire vos besoins juridiques et est \u00e0 votre disposition pour r\u00e9soudre, selon des normes \u00e9lev\u00e9es de qualit\u00e9 et de diligence, vos proc\u00e9dures judiciaires, ainsi que pour vous fournir des conseils dans vos op\u00e9rations et\/ou transactions commerciales. Notre Mission: Identifier les voies de solution les plus...","_links":{"self":[{"href":"https:\/\/cnmanzanolegal.com\/fr\/wp-json\/wp\/v2\/pages\/575"}],"collection":[{"href":"https:\/\/cnmanzanolegal.com\/fr\/wp-json\/wp\/v2\/pages"}],"about":[{"href":"https:\/\/cnmanzanolegal.com\/fr\/wp-json\/wp\/v2\/types\/page"}],"author":[{"embeddable":true,"href":"https:\/\/cnmanzanolegal.com\/fr\/wp-json\/wp\/v2\/users\/1"}],"replies":[{"embeddable":true,"href":"https:\/\/cnmanzanolegal.com\/fr\/wp-json\/wp\/v2\/comments?post=575"}],"version-history":[{"count":60,"href":"https:\/\/cnmanzanolegal.com\/fr\/wp-json\/wp\/v2\/pages\/575\/revisions"}],"predecessor-version":[{"id":9630,"href":"https:\/\/cnmanzanolegal.com\/fr\/wp-json\/wp\/v2\/pages\/575\/revisions\/9630"}],"wp:attachment":[{"href":"https:\/\/cnmanzanolegal.com\/fr\/wp-json\/wp\/v2\/media?parent=575"}],"curies":[{"name":"wp","href":"https:\/\/api.w.org\/{rel}","templated":true}]}}